{"id":1268,"date":"2025-06-15T07:30:40","date_gmt":"2025-06-15T07:30:40","guid":{"rendered":"https:\/\/lexidatum.com\/?page_id=1268"},"modified":"2026-02-15T16:16:29","modified_gmt":"2026-02-15T08:16:29","slug":"financial-analysis","status":"publish","type":"page","link":"https:\/\/lexidatum.com\/de\/financial-analysis\/","title":{"rendered":"Finanzanalyse"},"content":{"rendered":"<div data-elementor-type=\"wp-page\" data-elementor-id=\"1268\" class=\"elementor elementor-1268\">\n\t\t\t\t<div class=\"elementor-element elementor-element-ea75c24 e-flex e-con-boxed wpr-particle-no wpr-jarallax-no wpr-parallax-no wpr-sticky-section-no wpr-equal-height-no e-con e-parent\" data-id=\"ea75c24\" data-element_type=\"container\" data-e-type=\"container\" data-settings=\"{&quot;background_background&quot;:&quot;classic&quot;}\">\n\t\t\t\t\t<div class=\"e-con-inner\">\n\t\t<div class=\"elementor-element elementor-element-372a7b5 e-con-full e-flex wpr-particle-no wpr-jarallax-no wpr-parallax-no wpr-sticky-section-no wpr-equal-height-no e-con e-child\" data-id=\"372a7b5\" data-element_type=\"container\" data-e-type=\"container\" data-settings=\"{&quot;background_background&quot;:&quot;classic&quot;}\">\n\t\t\t\t<div class=\"elementor-element elementor-element-2a374be elementor-widget elementor-widget-heading\" data-id=\"2a374be\" data-element_type=\"widget\" data-e-type=\"widget\" data-widget_type=\"heading.default\">\n\t\t\t\t<div class=\"elementor-widget-container\">\n\t\t\t\t\t<h2 class=\"elementor-heading-title elementor-size-default\">Finanzanalyse (am selben Tag)<\/h2>\t\t\t\t<\/div>\n\t\t\t\t<\/div>\n\t\t\t\t<div class=\"elementor-element elementor-element-db0a7ed elementor-align-center elementor-widget elementor-widget-button\" data-id=\"db0a7ed\" data-element_type=\"widget\" data-e-type=\"widget\" data-widget_type=\"button.default\">\n\t\t\t\t<div class=\"elementor-widget-container\">\n\t\t\t\t\t\t\t\t\t<div class=\"elementor-button-wrapper\">\n\t\t\t\t\t<a class=\"elementor-button elementor-button-link elementor-size-sm\" href=\"\/de\/contact\/\">\n\t\t\t\t\t\t<span class=\"elementor-button-content-wrapper\">\n\t\t\t\t\t\t\t\t\t<span class=\"elementor-button-text\">Kontaktieren Sie uns<\/span>\n\t\t\t\t\t<\/span>\n\t\t\t\t\t<\/a>\n\t\t\t\t<\/div>\n\t\t\t\t\t\t\t\t<\/div>\n\t\t\t\t<\/div>\n\t\t\t\t<\/div>\n\t\t\t\t\t<\/div>\n\t\t\t\t<\/div>\n\t\t<div class=\"elementor-element elementor-element-f5dcd72 e-flex e-con-boxed wpr-particle-no wpr-jarallax-no wpr-parallax-no wpr-sticky-section-no wpr-equal-height-no e-con e-parent\" data-id=\"f5dcd72\" data-element_type=\"container\" data-e-type=\"container\">\n\t\t\t\t\t<div class=\"e-con-inner\">\n\t\t\t\t<div class=\"elementor-element elementor-element-41693a2 elementor-widget elementor-widget-heading\" data-id=\"41693a2\" data-element_type=\"widget\" data-e-type=\"widget\" data-widget_type=\"heading.default\">\n\t\t\t\t<div class=\"elementor-widget-container\">\n\t\t\t\t\t<h2 class=\"elementor-heading-title elementor-size-default\">Ausf\u00fchrungsschritte:<\/h2>\t\t\t\t<\/div>\n\t\t\t\t<\/div>\n\t\t\t\t<div class=\"elementor-element elementor-element-11c8442 elementor-widget elementor-widget-text-editor\" data-id=\"11c8442\" data-element_type=\"widget\" data-e-type=\"widget\" data-widget_type=\"text-editor.default\">\n\t\t\t\t<div class=\"elementor-widget-container\">\n\t\t\t\t\t\t\t\t\t<h4><strong>Schritt 1: Erste Konsultation<\/strong><\/h4><div class=\"page\" title=\"Page 4\"><div class=\"layoutArea\"><div class=\"column\"><ol><li>Kontaktieren Sie uns \u00fcber Website oder E-Mail, um Ihre Buchhaltungsanforderungen zu besprechen.<\/li><li><div class=\"page\" title=\"Page 12\"><div class=\"section\"><div class=\"layoutArea\"><div class=\"column\"><p>Die Finanzanalyse ist sofort f\u00fcr \u00f6ffentliche Daten verf\u00fcgbar; f\u00fcr alle anderen wird KI-gest\u00fctzte Buchhaltung vor der Analyse empfohlen.<\/p><\/div><\/div><\/div><\/div><\/li><\/ol><\/div><\/div><\/div>\t\t\t\t\t\t\t\t<\/div>\n\t\t\t\t<\/div>\n\t\t\t\t<div class=\"elementor-element elementor-element-2b53420 elementor-widget elementor-widget-text-editor\" data-id=\"2b53420\" data-element_type=\"widget\" data-e-type=\"widget\" data-widget_type=\"text-editor.default\">\n\t\t\t\t<div class=\"elementor-widget-container\">\n\t\t\t\t\t\t\t\t\t<h4><strong>Schritt 2: Zahlungsbest\u00e4tigung<\/strong><\/h4>\n<ul style=\"margin-bottom: 20px;\">\n \t<li>F\u00fcr nicht-b\u00f6rsennotierte Unternehmen empfehlen wir w\u00e4rmstens unsere\n<strong>KI-gest\u00fctzte\nBuchhaltung,<\/strong> um die Datengenauigkeit vor der Analyse sicherzustellen.<\/li>\n \t<li class=\"translation-block\">Executive-Bericht \u2014 <strong>300\u00a0$ pro Bericht<\/strong><\/li>\n<\/ul>\n<!-- Buy Now Button -->\n<button id=\"stripePayBtnthree\" class=\"stripe-pay-btn elementor-button elementor-size-sm elementor-button-link\" style=\"font-size: 25px; background-color: #1e40af; color: #fff; border-radius: 6px; padding: 25px 35px; border: none; cursor: pointer; font-weight: bold;\" data-amount=\"300\" data-currency=\"3\" data-name=\"Financial Analysis\">\n<span class=\"elementor-button-content-wrapper\">\n<span class=\"elementor-button-text\">Jetzt kaufen \u279e<\/span>\n<\/span>\n<\/button>\t\t\t\t\t\t\t\t<\/div>\n\t\t\t\t<\/div>\n\t\t\t\t<div class=\"elementor-element elementor-element-0ff365f elementor-widget elementor-widget-text-editor\" data-id=\"0ff365f\" data-element_type=\"widget\" data-e-type=\"widget\" data-widget_type=\"text-editor.default\">\n\t\t\t\t<div class=\"elementor-widget-container\">\n\t\t\t\t\t\t\t\t\t<h4 class=\"translation-block\">Schritt 3: F\u00fcr die Bearbeitung erforderliche Dokumente<\/h4><div class=\"page\" title=\"Page 4\"><div class=\"layoutArea\"><div class=\"column\"><ol><li>F\u00fcr b\u00f6rsennotierte Unternehmen geben Sie den Firmennamen und die Aktienkennung an.<\/li><li><div class=\"page\" title=\"Page 12\"><div class=\"section\"><div class=\"layoutArea\"><div class=\"column\"><p class=\"translation-block\">F\u00fcr nicht-b\u00f6rsennotierte Unternehmen, siehe <a href=\"https:\/\/lexidatum.com\/de\/ai-powered-accounting\/\" target=\"_self\"><strong>KI-gest\u00fctzte Buchhaltung<\/strong><\/a> f\u00fcr Details.<\/p><\/div><\/div><\/div><\/div><\/li><\/ol><\/div><\/div><\/div>\t\t\t\t\t\t\t\t<\/div>\n\t\t\t\t<\/div>\n\t\t\t\t<div class=\"elementor-element elementor-element-da74681 elementor-widget elementor-widget-text-editor\" data-id=\"da74681\" data-element_type=\"widget\" data-e-type=\"widget\" data-widget_type=\"text-editor.default\">\n\t\t\t\t<div class=\"elementor-widget-container\">\n\t\t\t\t\t\t\t\t\t<h3><strong>Schritt 4: Einreichung der Berichte<\/strong><\/h3><p>Sobald alle erforderlichen Dokumente eingereicht wurden, verl\u00e4uft der Prozess wie folgt:<\/p><ol><li><strong>Dokumentenpr\u00fcfung<\/strong><br \/>Unser System \u00fcberpr\u00fcft die Genauigkeit und Vollst\u00e4ndigkeit der eingereichten Dokumente.<\/li><li><strong>Automatisierte Erstellung des Finanzanalyseberichts<\/strong><ul><li>Die Fertigstellung des Berichts am selben Tag umfasst: <em>(<a style=\"color: #1e40af; text-decoration: underline;\" href=\"https:\/\/lexidatum.com\/de\/sample-report-for-financial-analysis\/\" target=\"_blank\" rel=\"noopener\">Siehe Musterbericht<\/a>)<\/em><\/li><li>Wir bieten \u00fcber 200 Arten von ma\u00dfgeschneiderten Finanzberichten an, darunter:<\/li><li>13 Hauptfinanzberichte:<\/li><\/ul><ol type=\"1\"><li>Investor Brian<\/li><li>Investor W. Buffett<\/li><li>Investor Startup Nic<\/li><li>CEO<\/li><li>SaaS (Software als Dienstleistung )<\/li><li>CFO + Controller<\/li><li>Schatzmeister<\/li><li>Top 4 Cashflow-Kennzahlen<\/li><li>Buchhalter-KPIs (Leistungskennzahlen )<\/li><li>Cash-KPIs (Leistungskennzahlen )<\/li><li>FP&amp;A-Metriken (Finanzplanung und -analyse )<\/li><li>Buchhaltungs-Umschlagsraten<\/li><li>FS-Kennzahlen (Financial Statement Ratios)<\/li><\/ol><\/li><li><strong>Kundenzugriff<\/strong><br \/>Die generierten Finanzberichte stehen direkt vom Kundenkonto aus zum Download zur Verf\u00fcgung.<\/li><\/ol><hr \/>\t\t\t\t\t\t\t\t<\/div>\n\t\t\t\t<\/div>\n\t\t\t\t<div class=\"elementor-element elementor-element-38b1d1e elementor-widget elementor-widget-button\" data-id=\"38b1d1e\" data-element_type=\"widget\" data-e-type=\"widget\" data-widget_type=\"button.default\">\n\t\t\t\t<div class=\"elementor-widget-container\">\n\t\t\t\t\t\t\t\t\t<div class=\"elementor-button-wrapper\">\n\t\t\t\t\t<a class=\"elementor-button elementor-button-link elementor-size-sm\" href=\"\/de\/sample-report-for-financial-analysis\/\">\n\t\t\t\t\t\t<span class=\"elementor-button-content-wrapper\">\n\t\t\t\t\t\t\t\t\t<span class=\"elementor-button-text\">Musterbericht<\/span>\n\t\t\t\t\t<\/span>\n\t\t\t\t\t<\/a>\n\t\t\t\t<\/div>\n\t\t\t\t\t\t\t\t<\/div>\n\t\t\t\t<\/div>\n\t\t\t\t<div class=\"elementor-element elementor-element-a7b38ae elementor-widget elementor-widget-text-editor\" data-id=\"a7b38ae\" data-element_type=\"widget\" data-e-type=\"widget\" data-widget_type=\"text-editor.default\">\n\t\t\t\t<div class=\"elementor-widget-container\">\n\t\t\t\t\t\t\t\t\t<p><em>Ideal f\u00fcr CEOs und Investoren. Vollst\u00e4ndiger Satz: <strong>$300<\/strong><\/em><\/p>\t\t\t\t\t\t\t\t<\/div>\n\t\t\t\t<\/div>\n\t\t\t\t\t<\/div>\n\t\t\t\t<\/div>\n\t\t\t\t<\/div>","protected":false},"excerpt":{"rendered":"<p>Financial Analysis (within same-day) Contact Us Execution Steps Step 1: Initial Consultation Contact us via website or email to discuss&#8230;<\/p>","protected":false},"author":1,"featured_media":0,"parent":0,"menu_order":0,"comment_status":"closed","ping_status":"closed","template":"","meta":{"_crdt_document":"","advanced_seo_description":"","jetpack_seo_html_title":"","jetpack_seo_noindex":false,"footnotes":""},"class_list":["post-1268","page","type-page","status-publish","hentry"],"jetpack_shortlink":"https:\/\/wp.me\/PgvcXS-ks","rttpg_featured_image_url":null,"rttpg_author":{"display_name":"admin_rahim","author_link":"https:\/\/lexidatum.com\/de\/author\/admin_rahim\/"},"rttpg_comment":0,"rttpg_category":null,"rttpg_excerpt":"Financial Analysis (within same-day) Contact Us Execution Steps Step 1: Initial Consultation Contact us via website or email to discuss...","_links":{"self":[{"href":"https:\/\/lexidatum.com\/de\/wp-json\/wp\/v2\/pages\/1268","targetHints":{"allow":["GET"]}}],"collection":[{"href":"https:\/\/lexidatum.com\/de\/wp-json\/wp\/v2\/pages"}],"about":[{"href":"https:\/\/lexidatum.com\/de\/wp-json\/wp\/v2\/types\/page"}],"author":[{"embeddable":true,"href":"https:\/\/lexidatum.com\/de\/wp-json\/wp\/v2\/users\/1"}],"replies":[{"embeddable":true,"href":"https:\/\/lexidatum.com\/de\/wp-json\/wp\/v2\/comments?post=1268"}],"version-history":[{"count":100,"href":"https:\/\/lexidatum.com\/de\/wp-json\/wp\/v2\/pages\/1268\/revisions"}],"predecessor-version":[{"id":3834,"href":"https:\/\/lexidatum.com\/de\/wp-json\/wp\/v2\/pages\/1268\/revisions\/3834"}],"wp:attachment":[{"href":"https:\/\/lexidatum.com\/de\/wp-json\/wp\/v2\/media?parent=1268"}],"curies":[{"name":"wp","href":"https:\/\/api.w.org\/{rel}","templated":true}]}}