{"id":827,"date":"2025-05-28T06:57:41","date_gmt":"2025-05-28T06:57:41","guid":{"rendered":"https:\/\/lexidatum.com\/?page_id=827"},"modified":"2025-07-23T06:04:27","modified_gmt":"2025-07-23T06:04:27","slug":"fully-automated-accounting-financial-solutions","status":"publish","type":"page","link":"https:\/\/lexidatum.com\/de\/fully-automated-accounting-financial-solutions\/","title":{"rendered":"Vollautomatisierte Buchhaltungs-\/ Finanzl\u00f6sungen"},"content":{"rendered":"<div data-elementor-type=\"wp-page\" data-elementor-id=\"827\" class=\"elementor elementor-827\">\n\t\t\t\t<div class=\"elementor-element elementor-element-2f4bd94 e-flex e-con-boxed wpr-particle-no wpr-jarallax-no wpr-parallax-no wpr-sticky-section-no wpr-equal-height-no e-con e-parent\" data-id=\"2f4bd94\" data-element_type=\"container\" data-e-type=\"container\" data-settings=\"{&quot;background_background&quot;:&quot;classic&quot;}\">\n\t\t\t\t\t<div class=\"e-con-inner\">\n\t\t<div class=\"elementor-element elementor-element-d947328 e-con-full e-flex wpr-particle-no wpr-jarallax-no wpr-parallax-no wpr-sticky-section-no wpr-equal-height-no e-con e-child\" data-id=\"d947328\" data-element_type=\"container\" data-e-type=\"container\" data-settings=\"{&quot;background_background&quot;:&quot;classic&quot;}\">\n\t\t\t\t<div class=\"elementor-element elementor-element-1aeaf99 elementor-widget elementor-widget-heading\" data-id=\"1aeaf99\" data-element_type=\"widget\" data-e-type=\"widget\" data-widget_type=\"heading.default\">\n\t\t\t\t<div class=\"elementor-widget-container\">\n\t\t\t\t\t<h2 class=\"elementor-heading-title elementor-size-default\">Vollautomatisierte Buchhaltungs-\/Finanzl\u00f6sungen<\/h2>\t\t\t\t<\/div>\n\t\t\t\t<\/div>\n\t\t\t\t<div class=\"elementor-element elementor-element-2682c74 elementor-align-center elementor-widget elementor-widget-button\" data-id=\"2682c74\" data-element_type=\"widget\" data-e-type=\"widget\" data-widget_type=\"button.default\">\n\t\t\t\t<div class=\"elementor-widget-container\">\n\t\t\t\t\t\t\t\t\t<div class=\"elementor-button-wrapper\">\n\t\t\t\t\t<a class=\"elementor-button elementor-button-link elementor-size-sm\" href=\"\/de\/contact\/\">\n\t\t\t\t\t\t<span class=\"elementor-button-content-wrapper\">\n\t\t\t\t\t\t\t\t\t<span class=\"elementor-button-text\">Kontaktieren Sie uns<\/span>\n\t\t\t\t\t<\/span>\n\t\t\t\t\t<\/a>\n\t\t\t\t<\/div>\n\t\t\t\t\t\t\t\t<\/div>\n\t\t\t\t<\/div>\n\t\t\t\t<\/div>\n\t\t\t\t\t<\/div>\n\t\t\t\t<\/div>\n\t\t<div class=\"elementor-element elementor-element-2e303cc elementor-hidden-desktop elementor-hidden-tablet elementor-hidden-mobile e-flex e-con-boxed wpr-particle-no wpr-jarallax-no wpr-parallax-no wpr-sticky-section-no wpr-equal-height-no e-con e-parent\" data-id=\"2e303cc\" data-element_type=\"container\" data-e-type=\"container\">\n\t\t\t\t\t<div class=\"e-con-inner\">\n\t\t<div class=\"elementor-element elementor-element-769cc36 e-con-full e-flex wpr-particle-no wpr-jarallax-no wpr-parallax-no wpr-sticky-section-no wpr-equal-height-no e-con e-child\" data-id=\"769cc36\" data-element_type=\"container\" data-e-type=\"container\">\n\t\t<div class=\"elementor-element elementor-element-6ce28ca e-con-full e-flex wpr-particle-no wpr-jarallax-no wpr-parallax-no wpr-sticky-section-no wpr-equal-height-no e-con e-child\" data-id=\"6ce28ca\" data-element_type=\"container\" data-e-type=\"container\">\n\t\t\t\t<div class=\"elementor-element elementor-element-5d92fe0 elementor-widget elementor-widget-text-editor\" data-id=\"5d92fe0\" data-element_type=\"widget\" data-e-type=\"widget\" data-widget_type=\"text-editor.default\">\n\t\t\t\t<div class=\"elementor-widget-container\">\n\t\t\t\t\t\t\t\t\t<p>We help clients achieve a fully automated financial system \u2014 once implemented, the platform can automatically generate all four key financial statements anytime, without the need to hire accountants or bookkeepers.<\/p>\t\t\t\t\t\t\t\t<\/div>\n\t\t\t\t<\/div>\n\t\t\t\t<div class=\"elementor-element elementor-element-e9a7697 elementor-widget elementor-widget-text-editor\" data-id=\"e9a7697\" data-element_type=\"widget\" data-e-type=\"widget\" data-widget_type=\"text-editor.default\">\n\t\t\t\t<div class=\"elementor-widget-container\">\n\t\t\t\t\t\t\t\t\t<p>This feature is widely applicable across a broad range of entities, including enterprises of all sizes, digital platforms, NGOs, digital banks, real-world asset (RWA) platforms, stablecoin issuers, and other organizations involved in the financial and technology sectors.<\/p>\t\t\t\t\t\t\t\t<\/div>\n\t\t\t\t<\/div>\n\t\t\t\t<\/div>\n\t\t<div class=\"elementor-element elementor-element-6d6c7ab e-con-full e-flex wpr-particle-no wpr-jarallax-no wpr-parallax-no wpr-sticky-section-no wpr-equal-height-no e-con e-child\" data-id=\"6d6c7ab\" data-element_type=\"container\" data-e-type=\"container\">\n\t\t<div class=\"elementor-element elementor-element-5f67e99 e-con-full e-flex wpr-particle-no wpr-jarallax-no wpr-parallax-no wpr-sticky-section-no wpr-equal-height-no e-con e-child\" data-id=\"5f67e99\" data-element_type=\"container\" data-e-type=\"container\">\n\t\t<div class=\"elementor-element elementor-element-506810e e-con-full e-flex wpr-particle-no wpr-jarallax-no wpr-parallax-no wpr-sticky-section-no wpr-equal-height-no e-con e-child\" data-id=\"506810e\" data-element_type=\"container\" data-e-type=\"container\">\n\t\t\t\t<div class=\"elementor-element elementor-element-6556665 elementor-widget elementor-widget-heading\" data-id=\"6556665\" data-element_type=\"widget\" data-e-type=\"widget\" data-widget_type=\"heading.default\">\n\t\t\t\t<div class=\"elementor-widget-container\">\n\t\t\t\t\t<h2 class=\"elementor-heading-title elementor-size-default\">100%<\/h2>\t\t\t\t<\/div>\n\t\t\t\t<\/div>\n\t\t\t\t<div class=\"elementor-element elementor-element-1e15666 elementor-widget elementor-widget-heading\" data-id=\"1e15666\" data-element_type=\"widget\" data-e-type=\"widget\" data-widget_type=\"heading.default\">\n\t\t\t\t<div class=\"elementor-widget-container\">\n\t\t\t\t\t<h2 class=\"elementor-heading-title elementor-size-default\">Data Accuracy<\/h2>\t\t\t\t<\/div>\n\t\t\t\t<\/div>\n\t\t\t\t<\/div>\n\t\t<div class=\"elementor-element elementor-element-fad1719 e-con-full e-flex wpr-particle-no wpr-jarallax-no wpr-parallax-no wpr-sticky-section-no wpr-equal-height-no e-con e-child\" data-id=\"fad1719\" data-element_type=\"container\" data-e-type=\"container\">\n\t\t\t\t<div class=\"elementor-element elementor-element-e93cb60 elementor-widget elementor-widget-heading\" data-id=\"e93cb60\" data-element_type=\"widget\" data-e-type=\"widget\" data-widget_type=\"heading.default\">\n\t\t\t\t<div class=\"elementor-widget-container\">\n\t\t\t\t\t<h2 class=\"elementor-heading-title elementor-size-default\">Audit-Ready at All Times<\/h2>\t\t\t\t<\/div>\n\t\t\t\t<\/div>\n\t\t\t\t<\/div>\n\t\t\t\t<\/div>\n\t\t<div class=\"elementor-element elementor-element-4131d0d e-con-full e-flex wpr-particle-no wpr-jarallax-no wpr-parallax-no wpr-sticky-section-no wpr-equal-height-no e-con e-child\" data-id=\"4131d0d\" data-element_type=\"container\" data-e-type=\"container\">\n\t\t\t\t<div class=\"elementor-element elementor-element-47ba0f5 elementor-widget elementor-widget-heading\" data-id=\"47ba0f5\" data-element_type=\"widget\" data-e-type=\"widget\" data-widget_type=\"heading.default\">\n\t\t\t\t<div class=\"elementor-widget-container\">\n\t\t\t\t\t<h2 class=\"elementor-heading-title elementor-size-default\">No More Manual Bookkeeping<\/h2>\t\t\t\t<\/div>\n\t\t\t\t<\/div>\n\t\t\t\t<\/div>\n\t\t\t\t<\/div>\n\t\t\t\t<\/div>\n\t\t\t\t\t<\/div>\n\t\t\t\t<\/div>\n\t\t<div class=\"elementor-element elementor-element-06dffdc e-flex e-con-boxed wpr-particle-no wpr-jarallax-no wpr-parallax-no wpr-sticky-section-no wpr-equal-height-no e-con e-parent\" data-id=\"06dffdc\" data-element_type=\"container\" data-e-type=\"container\">\n\t\t\t\t\t<div class=\"e-con-inner\">\n\t\t<div class=\"elementor-element elementor-element-49065b4 e-con-full e-flex wpr-particle-no wpr-jarallax-no wpr-parallax-no wpr-sticky-section-no wpr-equal-height-no e-con e-child\" data-id=\"49065b4\" data-element_type=\"container\" data-e-type=\"container\">\n\t\t\t\t<div class=\"elementor-element elementor-element-541aef4 elementor-hidden-desktop elementor-hidden-tablet elementor-hidden-mobile elementor-widget elementor-widget-text-editor\" data-id=\"541aef4\" data-element_type=\"widget\" data-e-type=\"widget\" data-widget_type=\"text-editor.default\">\n\t\t\t\t<div class=\"elementor-widget-container\">\n\t\t\t\t\t\t\t\t\t<p><strong>We help clients achieve a fully automated financial system \u2014 once implemented, the platform can automatically generate all four key financial statements anytime, without the need to hire accountants or bookkeepers.<\/strong><\/p><p><strong>\u2714 100% data accuracy<br \/><\/strong><strong>\u2714 Audit-ready anytime<br \/><\/strong><strong>\u2714 No manual bookkeeping<\/strong><strong><br \/><\/strong><strong>\u2714 Scalable and compliant<\/strong><\/p><p><strong>Ideal for: Companies, NGOs, platforms, digital banks, and Web3 ecosystems.<br \/>Applications include:<br \/>\u2013 Real-World Assets (RWA) accounting<br \/>\u2013 Stablecoin and crypto asset tracking<br \/>\u2013 Digital currency financial reporting<br \/>\u2013 On-chain\/off-chain reconciliation<\/strong><\/p><p><strong>Free up your resources and ensure compliance with a smart, scalable, and fully automated financial solution.<\/strong><\/p><p><strong>Sample : AI Automated Audit is a Foundation for RWA Rights Confirmation <\/strong><strong>\uff01<\/strong><\/p><p><strong>The synergy among these elements (Oil-Pegged Stablecoins, RWA Tokenization, Carbon Finance, and AI Auditing) creates a transparent, sustainable framework for digitizing commodities. AI auditing ensures ecosystem integrity, while carbon finance promotes accountability, transforming oil markets into modern, ethical financial instruments.<\/strong><\/p><p><strong>Entwicklung eines globalen digitalen Wirtschafts\u00f6kosystems<\/strong><\/p><p><strong>Aufbau eines umfassenden digitalen Wirtschafts\u00f6kosystems, das sechs S\u00e4ulen umfasst: Buchhaltung, Recht, Wissenschaft, Ingenieurwesen, geistiges Eigentum und Kohlenstoffneutralit\u00e4t.<\/strong><strong>\u200b<\/strong><\/p>\t\t\t\t\t\t\t\t<\/div>\n\t\t\t\t<\/div>\n\t\t\t\t<\/div>\n\t\t\t\t\t<\/div>\n\t\t\t\t<\/div>\n\t\t<div class=\"elementor-element elementor-element-465d035 e-flex e-con-boxed wpr-particle-no wpr-jarallax-no wpr-parallax-no wpr-sticky-section-no wpr-equal-height-no e-con e-parent\" data-id=\"465d035\" data-element_type=\"container\" data-e-type=\"container\">\n\t\t\t\t\t<div class=\"e-con-inner\">\n\t\t\t\t<div class=\"elementor-element elementor-element-8225886 elementor-widget elementor-widget-text-editor\" data-id=\"8225886\" data-element_type=\"widget\" data-e-type=\"widget\" data-widget_type=\"text-editor.default\">\n\t\t\t\t<div class=\"elementor-widget-container\">\n\t\t\t\t\t\t\t\t\t<h2>\n\nErreichen Sie ein vollautomatisiertes Finanzsystem\n\n<\/h2>\n\t\t\t\t\t\t\t\t<\/div>\n\t\t\t\t<\/div>\n\t\t\t\t<div class=\"elementor-element elementor-element-380c9e4 elementor-widget elementor-widget-text-editor\" data-id=\"380c9e4\" data-element_type=\"widget\" data-e-type=\"widget\" data-widget_type=\"text-editor.default\">\n\t\t\t\t<div class=\"elementor-widget-container\">\n\t\t\t\t\t\t\t\t\t<h3>Finanzwesen der n\u00e4chsten Generation<\/h3><h4>\u00dcberblick<\/h4><p>Nach der Implementierung erstellt unsere Plattform automatisch alle vier wichtigen Finanzberichte - keine Notwendigkeit, Wirtschaftspr\u00fcfer oder Buchhalter einzustellen . Genie\u00dfen Sie nahtloses Finanzmanagement in Echtzeit.<\/p><h4>Unsere Vision<\/h4><p class=\"translation-block\"><strong> Wir sind bestrebt<\/strong>, ein umfassendes \u00d6kosystem f\u00fcr die digitale Wirtschaft aufzubauen, das sechs S\u00e4ulen umfasst: <strong>\nBuchhaltung, Recht, Wissenschaft, Technik, geistiges Eigentum und Kohlenstoffneutralit\u00e4t.<\/strong><\/p><hr \/><h3>Wichtige Vorteile<\/h3><ul><li class=\"translation-block\"><strong> 100 % Datengenauigkeit<\/strong><br>\nAutomatisierte Datenverarbeitung eliminiert menschliche Fehler f\u00fcr eine einwandfreie Berichterstattung.<\/li><li class=\"translation-block\"><strong>Jederzeit pr\u00fcfungsbereit<\/strong><br>\nGeneriert sofort konforme Berichte und Pr\u00fcfspuren, um regulatorischen Anforderungen gerecht zu werden.<\/li><li class=\"translation-block\"><strong> Zero-manuelle Buchf\u00fchrung<\/strong><br>\nBefreien Sie Ihr Team von zeitaufw\u00e4ndiger Dateneingabe und Abstimmungen.<\/li><li class=\"translation-block\"><strong> Skalierbar &amp; konform<\/strong><br>\nPasst sich leicht dem Wachstum Ihres Unternehmens und sich entwickelnden Compliance-Standards an.<\/li><\/ul><hr \/><h3>Ideal f\u00fcr<\/h3><ul><li>Gesellschaften &amp; Firmen<\/li><li>NGOs &amp; gemeinn\u00fctzige Organisationen<\/li><li>Digitale Banken &amp; FinTech-Plattformen<\/li><li>Web3 &amp; Blockchain-\u00d6kosysteme<\/li><\/ul><hr \/><h3>Anwendungsszenarien<\/h3><ul><li>Buchhaltung f\u00fcr reale Verm\u00f6genswerte (RWA)<\/li><li>Stablecoin &amp; Krypto-Asset-Tracking<\/li><li>Finanzberichterstattung f\u00fcr digitale W\u00e4hrungen<\/li><li>On-Chain\/Off-Chain-Abstimmung<\/li><\/ul><hr \/><p class=\"translation-block\"><strong> Betreten Sie die Zukunft des Finanzmanagements - effizient, konform und m\u00fchelos.<\/strong><br>\nKontaktieren Sie uns, um zu erfahren, wie Finanzautomatisierung Ihre Abl\u00e4ufe ver\u00e4ndern kann.<\/p>\t\t\t\t\t\t\t\t<\/div>\n\t\t\t\t<\/div>\n\t\t\t\t\t<\/div>\n\t\t\t\t<\/div>\n\t\t\t\t<\/div>","protected":false},"excerpt":{"rendered":"<p>Fully Automated Accounting\/ Financial Solutions\u200b Contact Us We help clients achieve a fully automated financial system \u2014 once implemented, the&#8230;<\/p>","protected":false},"author":1,"featured_media":0,"parent":0,"menu_order":0,"comment_status":"closed","ping_status":"closed","template":"","meta":{"_crdt_document":"","advanced_seo_description":"","jetpack_seo_html_title":"","jetpack_seo_noindex":false,"footnotes":""},"class_list":["post-827","page","type-page","status-publish","hentry"],"jetpack_shortlink":"https:\/\/wp.me\/PgvcXS-dl","rttpg_featured_image_url":null,"rttpg_author":{"display_name":"admin_rahim","author_link":"https:\/\/lexidatum.com\/de\/author\/admin_rahim\/"},"rttpg_comment":0,"rttpg_category":null,"rttpg_excerpt":"Fully Automated Accounting\/ Financial Solutions\u200b Contact Us We help clients achieve a fully automated financial system \u2014 once implemented, the...","_links":{"self":[{"href":"https:\/\/lexidatum.com\/de\/wp-json\/wp\/v2\/pages\/827","targetHints":{"allow":["GET"]}}],"collection":[{"href":"https:\/\/lexidatum.com\/de\/wp-json\/wp\/v2\/pages"}],"about":[{"href":"https:\/\/lexidatum.com\/de\/wp-json\/wp\/v2\/types\/page"}],"author":[{"embeddable":true,"href":"https:\/\/lexidatum.com\/de\/wp-json\/wp\/v2\/users\/1"}],"replies":[{"embeddable":true,"href":"https:\/\/lexidatum.com\/de\/wp-json\/wp\/v2\/comments?post=827"}],"version-history":[{"count":67,"href":"https:\/\/lexidatum.com\/de\/wp-json\/wp\/v2\/pages\/827\/revisions"}],"predecessor-version":[{"id":2841,"href":"https:\/\/lexidatum.com\/de\/wp-json\/wp\/v2\/pages\/827\/revisions\/2841"}],"wp:attachment":[{"href":"https:\/\/lexidatum.com\/de\/wp-json\/wp\/v2\/media?parent=827"}],"curies":[{"name":"wp","href":"https:\/\/api.w.org\/{rel}","templated":true}]}}